{"id":8423,"date":"2018-11-10T16:32:01","date_gmt":"2018-11-10T16:32:01","guid":{"rendered":"http:\/\/main.uf.to\/?page_id=8423"},"modified":"2024-05-26T17:43:27","modified_gmt":"2024-05-26T17:43:27","slug":"support_de","status":"publish","type":"page","link":"https:\/\/uf.to\/main\/de\/support_de\/","title":{"rendered":"Support_DE"},"content":{"rendered":"<div class=\"wpb-content-wrapper\">[mk_page_section section_id=&#8221;support&#8221; sidebar=&#8221;sidebar-1&#8243;][vc_column][mk_padding_divider][mk_fancy_title color=&#8221;#ff0000&#8243; size=&#8221;48&#8243; force_font_size=&#8221;true&#8221; size_tablet=&#8221;48&#8243; size_phone=&#8221;48&#8243; line_height=&#8221;95&#8243; font_weight=&#8221;400&#8243; txt_transform=&#8221;uppercase&#8221; letter_spacing=&#8221;4&#8243; margin_bottom=&#8221;0&#8243; font_family=&#8221;Dosis&#8221; font_type=&#8221;google&#8221; align=&#8221;center&#8221;]Unterst\u00fctzung[\/mk_fancy_title][mk_padding_divider][vc_column_text css=&#8221;.vc_custom_1541867450335{margin-bottom: 0px !important;}&#8221;]Die Erweckung, von der wir tr\u00e4umen, ist leidenschaftlich, w\u00e4chst st\u00e4ndig und hat positive Auswirkungen auf unsere Gesellschaft.<br \/>\nTr\u00e4umst du mit uns? Ist es dir wichtig, dass Menschen <strong>Jesus Christus<\/strong> Kennenlernen? Tr\u00e4gst du auch das Anliegen mit, dass die <strong>Einheit<\/strong>, das gemeinsame Handeln der Christen und das Leben eines <strong>Jesus<\/strong>&#8211;<strong>Lifestyles<\/strong>\u00a0 in der heutigen Gesellschaft gef\u00f6rdert werden muss.<\/p>\n<p>Dann hast du folgende M\u00f6glichkeiten:[\/vc_column_text][mk_padding_divider size=&#8221;30&#8243;][mk_custom_list]\n<ul>\n<li>\n<h5>Du kannst Teil vom Team werden und mithelfen, mitwirken und mitreden<\/h5>\n<\/li>\n<\/ul>\n[\/mk_custom_list][vc_row_inner][vc_column_inner][mk_button dimension=&#8221;outline&#8221; size=&#8221;medium&#8221; icon=&#8221;mk-li-mail&#8221; el_class=&#8221;popmake-8530&#8243; outline_skin=&#8221;custom&#8221; outline_active_color=&#8221;#ff0000&#8243; outline_active_text_color=&#8221;#ff0000&#8243; outline_hover_bg_color=&#8221;#ff3233&#8243; outline_hover_color=&#8221;#ffffff&#8221;]Yes I Will (Mail an Joy)[\/mk_button][\/vc_column_inner][\/vc_row_inner][mk_padding_divider size=&#8221;30&#8243;][mk_custom_list]\n<ul>\n<li>\n<h5>Du kannst Mitglied werden und Finanziell unterst\u00fctzen. Du erh\u00e4ltst regelm\u00e4ssig Information und profitierst von verg\u00fcnstigten UF Veranstaltungen. Zudem bist du eingeladen zur j\u00e4hrlichen Generalversammlung.<\/h5>\n<\/li>\n<\/ul>\n[\/mk_custom_list][vc_row_inner][vc_column_inner width=&#8221;1\/3&#8243;][mk_button dimension=&#8221;outline&#8221; size=&#8221;medium&#8221; el_class=&#8221;popmake-8538&#8243; outline_skin=&#8221;custom&#8221; outline_active_color=&#8221;#ff0000&#8243; outline_active_text_color=&#8221;#ff0000&#8243; outline_hover_bg_color=&#8221;#ff3233&#8243; outline_hover_color=&#8221;#ffffff&#8221;]Mitglied werden Einzelperson[\/mk_button][\/vc_column_inner][vc_column_inner width=&#8221;1\/3&#8243;][mk_button dimension=&#8221;outline&#8221; size=&#8221;medium&#8221; icon=&#8221;mk-li-mail&#8221; el_class=&#8221;popmake-8544&#8243; outline_skin=&#8221;custom&#8221; outline_active_color=&#8221;#ff0000&#8243; outline_active_text_color=&#8221;#ff0000&#8243; outline_hover_bg_color=&#8221;#ff3233&#8243; outline_hover_color=&#8221;#ffffff&#8221;]Mitglied werden Familie[\/mk_button][\/vc_column_inner][vc_column_inner width=&#8221;1\/3&#8243;][mk_button dimension=&#8221;outline&#8221; size=&#8221;medium&#8221; icon=&#8221;mk-li-mail&#8221; url=&#8221;mailto:joy@uf.to&#8221; outline_skin=&#8221;custom&#8221; outline_active_color=&#8221;#ff0000&#8243; outline_active_text_color=&#8221;#ff0000&#8243; outline_hover_bg_color=&#8221;#ff3233&#8243; outline_hover_color=&#8221;#ffffff&#8221;]Mitglied werden Kollektive (Gruppen \/ Kirchen \/ Organisationen)[\/mk_button][\/vc_column_inner][\/vc_row_inner][mk_padding_divider][vc_column_text css=&#8221;.vc_custom_1716745185343{margin-bottom: 0px !important;}&#8221;]<strong>Mitgliederbeitrag pro Jahr in der Schweiz (1. Jan bis 31. Dez.)<\/strong><br \/>\nEinzelperson Fr. 50.00<br \/>\nFamilie Fr. 100.00<br \/>\nKollektive (Kirchen\/Christliche Werke\/Organisationen) Fr. 250.00[\/vc_column_text][vc_column_text css=&#8221;.vc_custom_1716745263158{margin-bottom: 0px !important;}&#8221;]<strong>Mitgliederbeitrag pro Jahr im Ausland (1. Jan bis 31. Dez.)<\/strong><br \/>\nEinzelperson: \u20ac20 \/ \u00a320 \/ 200 Kronen<br \/>\nFamilie: \u20ac50 \/ \u00a350 \/ 500 Kronen<br \/>\nKollektive (Kirchen\/Christliche Werke\/Organisationen): \u20ac100 \/ \u00a3100 \/ 1000 Kronen[\/vc_column_text][mk_padding_divider size=&#8221;30&#8243;][mk_custom_list]\n<ul>\n<li>\n<h5>Du kannst die Arbeit von UF im Gebet (F\u00fcrbitte) unterst\u00fctzen.<\/h5>\n<\/li>\n<\/ul>\n[\/mk_custom_list][mk_padding_divider size=&#8221;30&#8243;][vc_column_text css=&#8221;.vc_custom_1541867517641{margin-bottom: 0px !important;}&#8221;]<strong>Kontoangaben:<\/strong><\/p>\n<p>United Fire International<br \/>\nKilchbergstrasse 19<br \/>\n4800 Zofingen<br \/>\nSwitzerland<\/p>\n<p>UBS Switzerland AG<br \/>\nIBAN: \u00a0 CH74 0023 1231 1367 1640 U<br \/>\nSWIFT-Code (BIC): \u00a0\u00a0\u00a0\u00a0\u00a0 UBSWCHTH80A[\/vc_column_text][mk_padding_divider size=&#8221;120&#8243;][\/vc_column][\/mk_page_section]\n<\/div>","protected":false},"excerpt":{"rendered":"<p>[mk_page_section section_id=&#8221;support&#8221; sidebar=&#8221;sidebar-1&#8243;][vc_column][mk_padding_divider][mk_fancy_title color=&#8221;#ff0000&#8243; size=&#8221;48&#8243; force_font_size=&#8221;true&#8221; size_tablet=&#8221;48&#8243; size_phone=&#8221;48&#8243; line_height=&#8221;95&#8243; font_weight=&#8221;400&#8243; txt_transform=&#8221;uppercase&#8221; letter_spacing=&#8221;4&#8243; margin_bottom=&#8221;0&#8243; font_family=&#8221;Dosis&#8221; font_type=&#8221;google&#8221; align=&#8221;center&#8221;]Unterst\u00fctzung[\/mk_fancy_title][mk_padding_divider][vc_column_text css=&#8221;.vc_custom_1541867450335{margin-bottom: 0px !important;}&#8221;]Die Erweckung, von der wir tr\u00e4umen, ist leidenschaftlich, w\u00e4chst st\u00e4ndig und hat [&hellip;]<\/p>\n","protected":false},"author":1,"featured_media":0,"parent":0,"menu_order":0,"comment_status":"closed","ping_status":"closed","template":"","meta":{"footnotes":""},"class_list":["post-8423","page","type-page","status-publish","hentry"],"_links":{"self":[{"href":"https:\/\/uf.to\/main\/wp-json\/wp\/v2\/pages\/8423","targetHints":{"allow":["GET"]}}],"collection":[{"href":"https:\/\/uf.to\/main\/wp-json\/wp\/v2\/pages"}],"about":[{"href":"https:\/\/uf.to\/main\/wp-json\/wp\/v2\/types\/page"}],"author":[{"embeddable":true,"href":"https:\/\/uf.to\/main\/wp-json\/wp\/v2\/users\/1"}],"replies":[{"embeddable":true,"href":"https:\/\/uf.to\/main\/wp-json\/wp\/v2\/comments?post=8423"}],"version-history":[{"count":9,"href":"https:\/\/uf.to\/main\/wp-json\/wp\/v2\/pages\/8423\/revisions"}],"predecessor-version":[{"id":8770,"href":"https:\/\/uf.to\/main\/wp-json\/wp\/v2\/pages\/8423\/revisions\/8770"}],"wp:attachment":[{"href":"https:\/\/uf.to\/main\/wp-json\/wp\/v2\/media?parent=8423"}],"curies":[{"name":"wp","href":"https:\/\/api.w.org\/{rel}","templated":true}]}}