{"id":8427,"date":"2018-11-10T16:34:42","date_gmt":"2018-11-10T16:34:42","guid":{"rendered":"http:\/\/main.uf.to\/?page_id=8427"},"modified":"2019-10-03T19:02:40","modified_gmt":"2019-10-03T19:02:40","slug":"projects_de","status":"publish","type":"page","link":"http:\/\/uf.to\/main\/de\/projects_de\/","title":{"rendered":"Projects_DE"},"content":{"rendered":"<div class=\"wpb-content-wrapper\">[vc_row strip_tags=&#8221;false&#8221; tag_name=&#8221;h2&#8243; style=&#8221;false&#8221; color_style=&#8221;single_color&#8221; color=&#8221;#ff0000&#8243; grandient_color_from=&#8221;&#8221; grandient_color_to=&#8221;&#8221; grandient_color_style=&#8221;linear&#8221; grandient_color_angle=&#8221;vertical&#8221; grandient_color_fallback=&#8221;&#8221; size=&#8221;48&#8243; force_font_size=&#8221;true&#8221; size_smallscreen=&#8221;0&#8243; size_tablet=&#8221;48&#8243; size_phone=&#8221;48&#8243; line_height=&#8221;95&#8243; font_weight=&#8221;400&#8243; font_style=&#8221;inherit&#8221; txt_transform=&#8221;uppercase&#8221; letter_spacing=&#8221;4&#8243; margin_top=&#8221;0&#8243; margin_bottom=&#8221;0&#8243; font_family=&#8221;Dosis&#8221; font_type=&#8221;google&#8221; align=&#8221;center&#8221; responsive_align=&#8221;center&#8221; drop_shadow=&#8221;false&#8221; shadow_angle=&#8221;45&#8243; shadow_distance=&#8221;8&#8243; shadow_blur=&#8221;20&#8243; shadow_color=&#8221;rgba(0,0,0,0.5)&#8221;][vc_column][mk_fancy_title color=&#8221;#ff0000&#8243; size=&#8221;48&#8243; force_font_size=&#8221;true&#8221; size_tablet=&#8221;48&#8243; size_phone=&#8221;48&#8243; line_height=&#8221;95&#8243; font_weight=&#8221;400&#8243; txt_transform=&#8221;uppercase&#8221; letter_spacing=&#8221;4&#8243; margin_bottom=&#8221;0&#8243; font_family=&#8221;Dosis&#8221; font_type=&#8221;google&#8221; align=&#8221;center&#8221;]Projekte[\/mk_fancy_title][mk_padding_divider][mk_fancy_title tag_name=&#8221;h3&#8243; size=&#8221;20&#8243; margin_bottom=&#8221;0&#8243; font_family=&#8221;none&#8221;]17.21 international Young Leaders Conference[\/mk_fancy_title][vc_column_text css=&#8221;.vc_custom_1552208628608{margin-bottom: 0px !important;}&#8221;]Einheit zur\u00fcckbringen &#8211; Unter diesem Motto organisiert UF alle zwei Jahre eine dreit\u00e4gige Konferenz. Zu dieser Konferenz sind alle Menschen mit Wurzeln aus Sri Lanka aus ganz Europa eingeladen. Das Treffen hat die gleichen Ziele wie das eint\u00e4gige Treffen, gestaltet sich aber etwas intensiver.<\/p>\n<p style=\"text-align: center;\"><strong>20.05.2020 bis 23.05.2020 in der Schweiz<\/strong><\/p>\n[\/vc_column_text][mk_padding_divider][mk_fancy_title tag_name=&#8221;h3&#8243; size=&#8221;20&#8243; margin_bottom=&#8221;0&#8243; font_family=&#8221;none&#8221;]17.21 Europe[\/mk_fancy_title][vc_column_text css=&#8221;.vc_custom_1552208672212{margin-bottom: 0px !important;}&#8221;]Einheit zur\u00fcckbringen &#8211; Unter diesem Motto organisiert UF zwei bis drei Mal im Jahr ein Treffen in verschiedene L\u00e4ndern Europas.<br \/>\nAn diesen Treffen verbringen die Christen aus verschiedenen Kirchgemeinden und Regionen einen ganzen Tag zusammen. Dabei soll untereinander das Bewusstsein gest\u00e4rkt werden, dass das Evangelium sich auch selbst erkl\u00e4rt, wenn wir als Christen eine EINHEIT bilden, zusammenarbeiten und dem Lebensstil von Jesus nachfolgen. Dies ist auch ein Herzenswunsch von Jesus.<br \/>\nMithilfe von diversen Aktivit\u00e4ten w\u00e4hrend diesem Tag versuchen sich die Teilnehmen gegenseitig kennenzulernen, zu motivieren und sich Gedanken zu machen \u00fcber die Zusammenarbeit.<\/p>\n<p>Aktivit\u00e4ten: Lobpreise, Inputs aus der Bibel, Essen, Gruppenarbeit, Gruppenspiele, Diskutieren \u00fcber ein Thema.[\/vc_column_text][mk_padding_divider][\/vc_column][\/vc_row][mk_page_section section_id=&#8221;316&#8243; sidebar=&#8221;sidebar-1&#8243;][vc_column][mk_fancy_title tag_name=&#8221;h3&#8243; size=&#8221;20&#8243; margin_bottom=&#8221;0&#8243; font_family=&#8221;none&#8221;]3 1 6 Global United sowing day[\/mk_fancy_title][vc_column_text css=&#8221;.vc_custom_1552208907053{margin-bottom: 0px !important;}&#8221;]Mit dieser Initiative (Projekt) wollen wir alle Menschen mit sri-lankische wurzeln, die weltweit zerstreut leben, mobilisieren:<br \/>\n<strong>Zwei Mal<\/strong> j\u00e4hrlich <strong>am gleichen Tag<\/strong>, alleine oder als Familie oder zusammen mit anderen Christen, die Liebe Jesus (Johannes 3.16) auss\u00e4en.<\/p>\n<p><u>Wie kann man 3.16 s\u00e4en?<\/u><br \/>\nEs ist ganz einfach! Jeder Christ soll ein Teil davon sein, durch aufzeigen, miteinander teilen und davon erz\u00e4hlen:<br \/>\n&#8211; auf der Strasse<br \/>\n&#8211; am Arbeitsplatz<br \/>\n&#8211; Beitrag im \u201esocial media\u201c (Facebook\/Instagram\/Twitter) posten<br \/>\n&#8211; Flash Mob<br \/>\n&#8211; durch ein spezieller Anlass<br \/>\n&#8211; tue etwas Gutes f\u00fcr Bed\u00fcrftige: In Krankenh\u00e4usern, Gef\u00e4ngnissen, Kinderheimen..<br \/>\n&#8211; die Nachbarn besuchen<br \/>\n&#8211; Leute sich nach Hause einladen<br \/>\nusw. Entwickle eigene Ideen!<\/p>\n<p>WICHITG: Durch das <strong>gemeinsame<\/strong> Handeln am <strong>gleichen Tag<\/strong> zeigen wir\/pr\u00e4sentieren wir <strong>Einheit<\/strong>![\/vc_column_text][\/vc_column][\/mk_page_section]\n<\/div>","protected":false},"excerpt":{"rendered":"<p>[vc_row strip_tags=&#8221;false&#8221; tag_name=&#8221;h2&#8243; style=&#8221;false&#8221; color_style=&#8221;single_color&#8221; color=&#8221;#ff0000&#8243; grandient_color_from=&#8221;&#8221; grandient_color_to=&#8221;&#8221; grandient_color_style=&#8221;linear&#8221; grandient_color_angle=&#8221;vertical&#8221; grandient_color_fallback=&#8221;&#8221; size=&#8221;48&#8243; force_font_size=&#8221;true&#8221; size_smallscreen=&#8221;0&#8243; size_tablet=&#8221;48&#8243; size_phone=&#8221;48&#8243; line_height=&#8221;95&#8243; font_weight=&#8221;400&#8243; font_style=&#8221;inherit&#8221; txt_transform=&#8221;uppercase&#8221; letter_spacing=&#8221;4&#8243; margin_top=&#8221;0&#8243; margin_bottom=&#8221;0&#8243; font_family=&#8221;Dosis&#8221; font_type=&#8221;google&#8221; align=&#8221;center&#8221; responsive_align=&#8221;center&#8221; drop_shadow=&#8221;false&#8221; shadow_angle=&#8221;45&#8243; shadow_distance=&#8221;8&#8243; [&hellip;]<\/p>\n","protected":false},"author":1,"featured_media":0,"parent":0,"menu_order":0,"comment_status":"closed","ping_status":"closed","template":"","meta":{"footnotes":""},"class_list":["post-8427","page","type-page","status-publish","hentry"],"_links":{"self":[{"href":"http:\/\/uf.to\/main\/wp-json\/wp\/v2\/pages\/8427","targetHints":{"allow":["GET"]}}],"collection":[{"href":"http:\/\/uf.to\/main\/wp-json\/wp\/v2\/pages"}],"about":[{"href":"http:\/\/uf.to\/main\/wp-json\/wp\/v2\/types\/page"}],"author":[{"embeddable":true,"href":"http:\/\/uf.to\/main\/wp-json\/wp\/v2\/users\/1"}],"replies":[{"embeddable":true,"href":"http:\/\/uf.to\/main\/wp-json\/wp\/v2\/comments?post=8427"}],"version-history":[{"count":5,"href":"http:\/\/uf.to\/main\/wp-json\/wp\/v2\/pages\/8427\/revisions"}],"predecessor-version":[{"id":8577,"href":"http:\/\/uf.to\/main\/wp-json\/wp\/v2\/pages\/8427\/revisions\/8577"}],"wp:attachment":[{"href":"http:\/\/uf.to\/main\/wp-json\/wp\/v2\/media?parent=8427"}],"curies":[{"name":"wp","href":"https:\/\/api.w.org\/{rel}","templated":true}]}}