{"id":8361,"date":"2018-11-10T15:19:48","date_gmt":"2018-11-10T15:19:48","guid":{"rendered":"http:\/\/main.uf.to\/?page_id=8361"},"modified":"2023-10-25T17:52:08","modified_gmt":"2023-10-25T17:52:08","slug":"8361-2","status":"publish","type":"page","link":"http:\/\/uf.to\/main\/de\/8361-2\/","title":{"rendered":"Startseite"},"content":{"rendered":"<div class=\"wpb-content-wrapper\">[mk_page_section padding_top=&#8221;80&#8243; padding_bottom=&#8221;60&#8243; section_id=&#8221;Home&#8221; sidebar=&#8221;sidebar-1&#8243;][vc_column width=&#8221;7\/12&#8243;][mk_fancy_title tag_name=&#8221;h1&#8243; color=&#8221;#ff0000&#8243; size=&#8221;69&#8243; force_font_size=&#8221;true&#8221; size_tablet=&#8221;50&#8243; size_phone=&#8221;40&#8243; font_weight=&#8221;400&#8243; txt_transform=&#8221;uppercase&#8221; letter_spacing=&#8221;4&#8243; margin_bottom=&#8221;15&#8243; font_family=&#8221;Dosis&#8221; font_type=&#8221;google&#8221; drop_shadow=&#8221;true&#8221;]United Fire<\/p>\n<h6><span style=\"color: #808080;\">International<\/span><\/h6>\n[\/mk_fancy_title][mk_padding_divider size=&#8221;80&#8243;][\/vc_column][vc_column width=&#8221;5\/12&#8243;][mk_image src=&#8221;http:\/\/uf.to\/wp-content\/uploads\/2018\/09\/uflogo_transparent_shadow.png&#8221; image_size=&#8221;full&#8221; margin_bottom=&#8221;0&#8243;][\/vc_column][\/mk_page_section][mk_page_section bg_color=&#8221;#ff0000&#8243; padding_top=&#8221;140&#8243; padding_bottom=&#8221;120&#8243; sidebar=&#8221;sidebar-1&#8243;][vc_column width=&#8221;1\/3&#8243;][mk_icon_box2 icon_size=&#8221;64&#8243; icon=&#8221;mk-icon-lightbulb-o&#8221; icon_color=&#8221;#ffffff&#8221; icon_border_color=&#8221;#ffffff&#8221; title=&#8221;VISION&#8221; title_weight=&#8221;bold&#8221; title_color=&#8221;#ffffff&#8221; title_top_padding=&#8221;20&#8243; description_color=&#8221;#ffffff&#8221; animation=&#8221;right-to-left&#8221;]Der Wunsch von JESUS ist unsere VISION<br \/>\nEINHEIT unter Christen und LEBEN im Jesus-Lifestyle.[\/mk_icon_box2][mk_button dimension=&#8221;outline&#8221; corner_style=&#8221;rounded&#8221; size=&#8221;medium&#8221; url=&#8221;#vision&#8221; align=&#8221;center&#8221; margin_right=&#8221;0&#8243; animation=&#8221;right-to-left&#8221; outline_skin=&#8221;custom&#8221; outline_active_color=&#8221;#ffffff&#8221; outline_active_text_color=&#8221;#ffffff&#8221; outline_hover_bg_color=&#8221;#ffffff&#8221; outline_hover_color=&#8221;#dd0000&#8243;]More[\/mk_button][mk_padding_divider size=&#8221;60&#8243; visibility=&#8221;visible-sm&#8221;][\/vc_column][vc_column width=&#8221;1\/3&#8243;][mk_icon_box2 icon_size=&#8221;64&#8243; icon=&#8221;mk-icon-flag-checkered&#8221; icon_color=&#8221;#ffffff&#8221; icon_border_color=&#8221;#ffffff&#8221; title=&#8221;GESCHICHTE&#8221; title_weight=&#8221;bold&#8221; title_color=&#8221;#ffffff&#8221; title_top_padding=&#8221;20&#8243; description_color=&#8221;#ffffff&#8221; animation=&#8221;right-to-left&#8221;]Im Jahr 2004 erhielt Joy durch den Leitvers Nehemia 2.17 eine Vision von Gott, die sich \u00fcber die Jahre in seinem Herzen immer klarer abbildete.[\/mk_icon_box2][mk_button dimension=&#8221;outline&#8221; corner_style=&#8221;rounded&#8221; size=&#8221;medium&#8221; url=&#8221;#history&#8221; align=&#8221;center&#8221; margin_right=&#8221;0&#8243; animation=&#8221;right-to-left&#8221; outline_skin=&#8221;custom&#8221; outline_active_color=&#8221;#ffffff&#8221; outline_active_text_color=&#8221;#ffffff&#8221; outline_hover_bg_color=&#8221;#ffffff&#8221; outline_hover_color=&#8221;#ff0000&#8243;]More[\/mk_button][mk_padding_divider size=&#8221;60&#8243; visibility=&#8221;visible-sm&#8221;][\/vc_column][vc_column width=&#8221;1\/3&#8243;][mk_icon_box2 icon_size=&#8221;64&#8243; icon=&#8221;mk-icon-heart-o&#8221; icon_color=&#8221;#ffffff&#8221; icon_border_color=&#8221;#ffffff&#8221; title=&#8221;UNTERST\u00dcTZUNG&#8221; title_weight=&#8221;bold&#8221; title_color=&#8221;#ffffff&#8221; title_top_padding=&#8221;20&#8243; description_color=&#8221;#ffffff&#8221; animation=&#8221;right-to-left&#8221;]Die Erweckung, von der wir tr\u00e4umen, ist leidenschaftlich, w\u00e4chst st\u00e4ndig und hat positive Auswirkungen auf unsere Gesellschaft.[\/mk_icon_box2][mk_button dimension=&#8221;outline&#8221; corner_style=&#8221;rounded&#8221; size=&#8221;medium&#8221; url=&#8221;http:\/\/uf.to\/main\/index.php\/de\/support_de\/&#8221; align=&#8221;center&#8221; margin_right=&#8221;0&#8243; animation=&#8221;right-to-left&#8221; outline_skin=&#8221;custom&#8221; outline_active_color=&#8221;#ffffff&#8221; outline_active_text_color=&#8221;#ffffff&#8221; outline_hover_bg_color=&#8221;#ffffff&#8221; outline_hover_color=&#8221;#ff0000&#8243;]More[\/mk_button][mk_padding_divider size=&#8221;60&#8243; visibility=&#8221;visible-sm&#8221;][\/vc_column][\/mk_page_section][mk_page_section section_id=&#8221;vision&#8221; sidebar=&#8221;sidebar-1&#8243;][vc_column][mk_padding_divider][mk_fancy_title tag_name=&#8221;h3&#8243; color=&#8221;#ff0000&#8243; size=&#8221;48&#8243; force_font_size=&#8221;true&#8221; size_tablet=&#8221;48&#8243; size_phone=&#8221;48&#8243; line_height=&#8221;95&#8243; font_weight=&#8221;400&#8243; txt_transform=&#8221;uppercase&#8221; letter_spacing=&#8221;4&#8243; margin_bottom=&#8221;0&#8243; font_family=&#8221;Dosis&#8221; font_type=&#8221;google&#8221; align=&#8221;center&#8221;]Vision[\/mk_fancy_title][mk_padding_divider][vc_column_text disable_pattern=&#8221;false&#8221; align=&#8221;center&#8221; margin_bottom=&#8221;100&#8243; css=&#8221;.vc_custom_1543506461790{margin-bottom: 100px !important;}&#8221;]<strong>Der Wunsch von JESUS ist unsere VISION<br \/>\nEINHEIT unter Christen und LEBEN im Jesus-Lifestyle.<\/strong><\/p>\n<p><strong>Johannes 17.21<\/strong><br \/>\nJesus w\u00fcnschte sich in seinem Gebet im Garten Gethsemane, dass seine Nachfolger eine EINHEIT bilden, so dass die Welt erkennt, dass er der Messias ist.<br \/>\nDie Nachfolger von Jesus sind wir Christen, die nach dem Vorbild von Jesus LEBEN (Jesus-Lifestyle)<br \/>\nWir verstehen 17.21 auch als Missionsbefehl.<br \/>\n<strong><br \/>\n<\/strong><strong>Nehemia 2.17<\/strong><strong><br \/>\n<\/strong>Nehemia versp\u00fcrteden Drang, die Stadtmauer von Jerusalem wiederaufzubauen.<br \/>\nWir sehen die Einheit und den Lebensstil der Christen in Tr\u00fcmmern. Das Image der Christen ist unter den Menschen aus Sri Lanka gest\u00f6rt oder gar zerst\u00f6rt wie die Stadtmauer von Jerusalem, die in Schutt und Asche lag.<\/p>\n<p>Wir versp\u00fcren den Auftrag, die Stadtmauer (Einheit &amp; Lebensstil) im Reich Gottes wiederaufzubauen, damit das Evangelium nicht l\u00e4nger verspottet sondern erkannt und verstanden wird![\/vc_column_text][mk_padding_divider size=&#8221;10&#8243;][\/vc_column][\/mk_page_section][mk_page_section bg_color=&#8221;#f8f0f0&#8243; section_id=&#8221;mission&#8221; sidebar=&#8221;sidebar-1&#8243;][vc_column][mk_padding_divider][mk_fancy_title tag_name=&#8221;h3&#8243; color=&#8221;#ff0000&#8243; size=&#8221;48&#8243; force_font_size=&#8221;true&#8221; size_tablet=&#8221;48&#8243; size_phone=&#8221;48&#8243; line_height=&#8221;95&#8243; font_weight=&#8221;400&#8243; txt_transform=&#8221;uppercase&#8221; letter_spacing=&#8221;4&#8243; margin_bottom=&#8221;0&#8243; font_family=&#8221;Dosis&#8221; font_type=&#8221;google&#8221; align=&#8221;center&#8221;]Mission[\/mk_fancy_title][mk_padding_divider][vc_column_text disable_pattern=&#8221;false&#8221; align=&#8221;center&#8221; margin_bottom=&#8221;100&#8243; css=&#8221;.vc_custom_1543506707199{margin-bottom: 100px !important;}&#8221;]<strong>Einheit zur\u00fcckbringen<\/strong> &#8211; Unter diesem Motto organisiert <strong><span style=\"color: #000000;\">United Fire International<\/span><\/strong> in verschiedenen L\u00e4ndern Treffen, Konferenzen und Aktivit\u00e4ten zur St\u00e4rkung des Bewusstseins unter Christen aus verschiedenen Kirchgemeinden mit Wurzeln aus Sri Lanka,\u00a0 dass das Evangelium sich auch selbst erkl\u00e4rt, wenn wir als Christen eine EINHEIT bilden, zusammenarbeiten und dem Lebensstil von Jesus folgen.<\/p>\n<p>Mehr \u00fcber die Projekte und T\u00e4tigkeiten von UF International erf\u00e4hrst du <a href=\"http:\/\/uf.to\/main\/index.php\/de\/projects_de\/\">hier<\/a>[\/vc_column_text][mk_padding_divider size=&#8221;10&#8243;][\/vc_column][\/mk_page_section][mk_page_section section_id=&#8221;about&#8221; sidebar=&#8221;sidebar-1&#8243;][vc_column][mk_padding_divider][mk_fancy_title tag_name=&#8221;h3&#8243; color=&#8221;#ff0000&#8243; size=&#8221;48&#8243; force_font_size=&#8221;true&#8221; size_tablet=&#8221;48&#8243; size_phone=&#8221;48&#8243; line_height=&#8221;95&#8243; font_weight=&#8221;400&#8243; txt_transform=&#8221;uppercase&#8221; letter_spacing=&#8221;4&#8243; margin_bottom=&#8221;0&#8243; font_family=&#8221;Dosis&#8221; font_type=&#8221;google&#8221; align=&#8221;center&#8221;]\u00dcber uns[\/mk_fancy_title][mk_padding_divider][vc_column_text disable_pattern=&#8221;false&#8221; align=&#8221;center&#8221; margin_bottom=&#8221;100&#8243; css=&#8221;.vc_custom_1541867021891{margin-bottom: 100px !important;}&#8221;]Wir sind eine gemeinde\u00fcbergreifende Organisation.<br \/>\nWir glauben, dass Jesus der Messias ist, unser Erl\u00f6ser- das ist das Evangelium.<\/p>\n<p>Wir glauben, dass sich das Evangelium selbst erkl\u00e4rt, wenn wir als Christen eine \u201eEinheit\u201c bilden und den Lebensstil von Jesus mit den biblischen Werten ausleben. Deshalb m\u00f6chten wir die Einheit, die Gemeinschaft und die Zusammenarbeit unter den Christen prim\u00e4r bei Tamilisch Sprechenden und Menschen mit wurzeln aus Sri Lanka f\u00f6rdern.[\/vc_column_text][mk_padding_divider size=&#8221;10&#8243;][\/vc_column][\/mk_page_section][vc_row fullwidth=&#8221;true&#8221; id=&#8221;history&#8221; css=&#8221;.vc_custom_1543087011700{background-color: #f8f0f0 !important;}&#8221;][vc_column][mk_padding_divider][mk_fancy_title color=&#8221;#ff0000&#8243; size=&#8221;48&#8243; force_font_size=&#8221;true&#8221; size_tablet=&#8221;48&#8243; size_phone=&#8221;48&#8243; line_height=&#8221;95&#8243; font_weight=&#8221;400&#8243; txt_transform=&#8221;uppercase&#8221; letter_spacing=&#8221;4&#8243; margin_bottom=&#8221;0&#8243; font_family=&#8221;Dosis&#8221; font_type=&#8221;google&#8221; align=&#8221;center&#8221;]Geschichte[\/mk_fancy_title][vc_row_inner][vc_column_inner][vc_column_text css=&#8221;.vc_custom_1541866860522{margin-bottom: 0px !important;}&#8221;]<!--[cool-timeline layout=\u201ddefault\u201d animation=\u201dFadeInOut\u201d date-format=\u201dF j\u201d icons=\u201dYES\u201d]-->[\/vc_column_text][mk_padding_divider size=&#8221;29&#8243; visibility=&#8221;hidden-sm&#8221;][\/vc_column_inner][\/vc_row_inner][vc_row_inner is_fullwidth_content=&#8221;false&#8221;][vc_column_inner][vc_column_text el_class=&#8221;stickyStory&#8221; css=&#8221;.vc_custom_1541867071863{margin-bottom: 0px !important;}&#8221;]Im Jahr 2004 erhielt Joy durch den Leitvers Nehemia 2.17 eine Vision von Gott, die sich \u00fcber die Jahre in seinem Herzen immer klarer abbildete. In dieser Zeit f\u00fchrte Gott Joy mit diversen jungen Menschen aus Sri Lanka von verschiedenen Gemeinden zusammen, die auf der Suche nach einer gemeinsamen Arbeit f\u00fcr Gottes Reich waren. Schliesslich im Herbst 2008 wurde am 29. November 2008 die Bewegung UNITED FIRE (UF) unter der Leitung von Joy gegr\u00fcndet. Damit war das Fundament f\u00fcr eine Erweckung unter Christen mit Wurzeln in Sri Lanka aus der Schweiz gelegt.<\/p>\n<p>Mit UF konzentrierte sich die Arbeit in der Anfangsphase vor allem auf die zweite Generation von <em>Sri Lankans<\/em> (<em>Swiss Lankans<\/em>).\u00a0 UF lancierte diverse Projekte mit dem Ziel, die jungen Menschen mit sri-lankischen Wurzeln in ihrem Glauben zusammenzubringen, Gemeinschaft zu f\u00f6rdern und ihre biblischen Werte wiederzufinden.<\/p>\n<p>Infos zu den vergangenen Events sind hier zu finden. (Link)<\/p>\n<p>&nbsp;<\/p>\n<p>Mit den Jahren best\u00e4tigte Gott die Vision und den Weg den wir mit unserer Arbeit eingeschlagen haben, in dem Er uns Fr\u00fcchte sehen liess.<br \/>\n&#8211; Viele Tamilische Gemeinden fingen an, ver\u00e4ndert zu werden:<br \/>\n&#8211; In den Gemeinden wurden regelm\u00e4ssige Jugendgottesdienste angeboten.<br \/>\n&#8211; Junge Leute wurden immer mehr in den Ortsgemeinden eingesetzt.<br \/>\n&#8211; Viele Worshiplieder wurden auf Deutsch \u00fcbersetzt oder gar geschrieben.<br \/>\n&#8211; \u00dcberall fing man in den Gottesdiensten an, eine \u00dcbersetzung anzubieten.<br \/>\n&#8211; Gemeinden begannen Jugendcamps (Lager) anzubieten.<\/p>\n<p>Im Jahr 2012 erweitere Gott die Vision von Joy mit dem Entdecken der tiefen Wahrheit in Johannes 17.21. Obwohl sich in den letzten Jahren vieles ver\u00e4ndert hatte, sp\u00fcrte Joy, dass insbesondere die Einheit unter den Christen und ihr Jesus-Lifestyle noch immer in Br\u00fcchen lag und die Arbeit noch weitergef\u00fchrt werden muss. Seitdem hat Gott f\u00fcr die Arbeit von UF die T\u00fcren zum Ausland ge\u00f6ffnet. So wurden wir ermutigt die Vision international hinauszutragen. UF entschied sich, mit einer erfrischten Vision neue Projekte zu starten, um die Vision von Gott weiterzutragen.<\/p>\n<p>In 2018 wurde \u00abUnited Fire\u00bb mit der Gr\u00fcndung eines Vereins auf \u00abUnited Fire International\u00bb umgetauft.[\/vc_column_text][mk_padding_divider][\/vc_column_inner][\/vc_row_inner][\/vc_column][\/vc_row][vc_row id=&#8221;leader&#8221;][vc_column][mk_padding_divider][mk_fancy_title color=&#8221;#ff0000&#8243; size=&#8221;48&#8243; force_font_size=&#8221;true&#8221; size_tablet=&#8221;48&#8243; size_phone=&#8221;48&#8243; line_height=&#8221;95&#8243; font_weight=&#8221;400&#8243; txt_transform=&#8221;uppercase&#8221; letter_spacing=&#8221;4&#8243; margin_bottom=&#8221;0&#8243; font_family=&#8221;Dosis&#8221; font_type=&#8221;google&#8221; align=&#8221;center&#8221;]Missionsleiter[\/mk_fancy_title][mk_padding_divider size=&#8221;60&#8243;][vc_row_inner][vc_column_inner width=&#8221;1\/2&#8243;][vc_single_image image=&#8221;8571&#8243; img_size=&#8221;full&#8221;][\/vc_column_inner][vc_column_inner width=&#8221;1\/2&#8243;][mk_padding_divider size=&#8221;251&#8243; visibility=&#8221;hidden-sm&#8221;][vc_column_text css=&#8221;.vc_custom_1560163530531{margin-bottom: 0px !important;}&#8221;]\n<p style=\"font-size: 20px;\">Bro. Joy (George Samuel)<br \/>\nGr\u00fcnder &amp; Missionsleiter<br \/>\nGl\u00fccklich verheiratet mit Madhu und haben 2 Kinder zusammen.<br \/>\nJerom (2003) und Amanda Zara (2010).<\/p>\n[\/vc_column_text][\/vc_column_inner][\/vc_row_inner][\/vc_column][\/vc_row]\n<\/div>","protected":false},"excerpt":{"rendered":"<p>[mk_page_section padding_top=&#8221;80&#8243; padding_bottom=&#8221;60&#8243; section_id=&#8221;Home&#8221; sidebar=&#8221;sidebar-1&#8243;][vc_column width=&#8221;7\/12&#8243;][mk_fancy_title tag_name=&#8221;h1&#8243; color=&#8221;#ff0000&#8243; size=&#8221;69&#8243; force_font_size=&#8221;true&#8221; size_tablet=&#8221;50&#8243; size_phone=&#8221;40&#8243; font_weight=&#8221;400&#8243; txt_transform=&#8221;uppercase&#8221; letter_spacing=&#8221;4&#8243; margin_bottom=&#8221;15&#8243; font_family=&#8221;Dosis&#8221; font_type=&#8221;google&#8221; drop_shadow=&#8221;true&#8221;]United Fire International [\/mk_fancy_title][mk_padding_divider size=&#8221;80&#8243;][\/vc_column][vc_column width=&#8221;5\/12&#8243;][mk_image src=&#8221;http:\/\/uf.to\/wp-content\/uploads\/2018\/09\/uflogo_transparent_shadow.png&#8221; image_size=&#8221;full&#8221; margin_bottom=&#8221;0&#8243;][\/vc_column][\/mk_page_section][mk_page_section bg_color=&#8221;#ff0000&#8243; padding_top=&#8221;140&#8243; padding_bottom=&#8221;120&#8243; [&hellip;]<\/p>\n","protected":false},"author":1,"featured_media":0,"parent":0,"menu_order":0,"comment_status":"closed","ping_status":"closed","template":"","meta":{"footnotes":""},"class_list":["post-8361","page","type-page","status-publish","hentry"],"_links":{"self":[{"href":"http:\/\/uf.to\/main\/wp-json\/wp\/v2\/pages\/8361","targetHints":{"allow":["GET"]}}],"collection":[{"href":"http:\/\/uf.to\/main\/wp-json\/wp\/v2\/pages"}],"about":[{"href":"http:\/\/uf.to\/main\/wp-json\/wp\/v2\/types\/page"}],"author":[{"embeddable":true,"href":"http:\/\/uf.to\/main\/wp-json\/wp\/v2\/users\/1"}],"replies":[{"embeddable":true,"href":"http:\/\/uf.to\/main\/wp-json\/wp\/v2\/comments?post=8361"}],"version-history":[{"count":25,"href":"http:\/\/uf.to\/main\/wp-json\/wp\/v2\/pages\/8361\/revisions"}],"predecessor-version":[{"id":8763,"href":"http:\/\/uf.to\/main\/wp-json\/wp\/v2\/pages\/8361\/revisions\/8763"}],"wp:attachment":[{"href":"http:\/\/uf.to\/main\/wp-json\/wp\/v2\/media?parent=8361"}],"curies":[{"name":"wp","href":"https:\/\/api.w.org\/{rel}","templated":true}]}}